{"id":35,"date":"2023-04-24T17:47:16","date_gmt":"2023-04-24T14:47:16","guid":{"rendered":"https:\/\/test.tnsry.fi\/?page_id=35"},"modified":"2026-01-08T10:16:46","modified_gmt":"2026-01-08T08:16:46","slug":"neuvonta-ja-arviointi","status":"publish","type":"page","link":"https:\/\/tnsry.fi\/?page_id=35","title":{"rendered":"Neuvonta ja arviointi"},"content":{"rendered":"\n<p><strong>Neuvonta, arviointi ja tunnistus (myynti)<\/strong><br>Oletko saanut haltuusi rahoja, mitaleita, arvopapereita tms. etk\u00e4 tied\u00e4 tarkemmin mit\u00e4 ne ovat tai kuinka arvokkaita ne ovat ? Meilt\u00e4 voit kysy\u00e4 tietoa kaikenlaisista numismaattisista kohteista.\u00a0<strong>Tarjoamme asiantuntevaa arviointipalvelua ja aivan ilmaiseksi<\/strong> (pienet kokoelmat, arviointity\u00f6 yleens\u00e4 enint\u00e4\u00e4n 1-2 tuntia sek\u00e4 yhdistyksen huutokauppaan tulevat kohteet). Perunkirjoituksiin, kuolinpesille, viranomaisille, vakuutuksia ja vastaavia muita tarpeita varten tarjoamme edullista arviointipalvelua. Hinta sovitaan aina ennen arvioinnin aloittamista.<\/p>\n\n\n\n<p>Seuran j\u00e4senist\u00f6ss\u00e4 on pitk\u00e4aikaisia harrastajia numismatiikan monilta eri osa-alueilta ja heill\u00e4 on tarvittavaa asiantuntemusta kertoa esineist\u00e4 sek\u00e4 arvioida niit\u00e4 my\u00f6s taloudellisesti. Yleinen k\u00e4sitys on, ett\u00e4 kun esine on tarpeeksi vanha se on my\u00f6s arvokas. N\u00e4in ei kuitenkaan aina, tai edes useinkaan, asia ole. Yleens\u00e4 kohteen arvoon vaikuttaa monet eri tekij\u00e4t, mm. sen kunto ja metallirahoissa my\u00f6s ly\u00f6ntim\u00e4\u00e4r\u00e4 ja -vuosi. Riippumatta siit\u00e4, pid\u00e4tk\u00f6 esineen vai haluatko myyd\u00e4 sen, asia kannattaa aina varmistaa asiantuntijalta.<\/p>\n\n\n\n<p><strong>&nbsp;Yhteydenotto&nbsp;<\/strong><\/p>\n\n\n\n<p>Mik\u00e4li haluat arvioida, tunnistaa tai antaa kohteitasi myyt\u00e4v\u00e4ksi seuramme huutokaupoissa, l\u00e4het\u00e4 meille viesti sivun otsikkokent\u00e4ss\u00e4 olevan yhteydenottosivun kautta. Vaihtoehtoisesti voit olla yhteydess\u00e4 suoraan:<\/p>\n\n\n\n<ul class=\"wp-block-list\">\n<li><strong>Ismo Ranki<\/strong> (ismo.ranki@wippies.fi) puh. 040-5502729<\/li>\n<\/ul>\n\n\n\n<div class=\"wp-block-group\"><div class=\"wp-block-group__inner-container is-layout-constrained wp-block-group-is-layout-constrained\">\n<p>Voit my\u00f6s tulla kokoelmasi kanssa paikan p\u00e4\u00e4lle kuukausikokoukseemme. Valitettavasti enn\u00e4t\u00e4mme 17-18 v\u00e4lisen\u00e4 aikana arvioida vain hyvin pieni\u00e4 kokoelmia, joten toivommekin, ett\u00e4 voit j\u00e4tt\u00e4\u00e4 kokoelman joksikin aikaa haltuumme. N\u00e4in samalla my\u00f6s varmistamme, ett\u00e4 saat luotettavan arvioinnin kokoelmastasi. Kokoukset ovat kes\u00e4kuukausia lukuun ottamatta aina kuukauden toisena keskiviikkona, Turussa NNKY:n kokoustiloissa V\u00e4h\u00e4-H\u00e4meenkatu 12A. Voit tuoda kokoelmasi arvioitavaksi tuntia ennen kokousta eli kello 17.00 alkaen.<\/p>\n\n\n\n<p><\/p>\n\n\n\n<p><\/p>\n<\/div><\/div>\n","protected":false},"excerpt":{"rendered":"<p>Neuvonta, arviointi ja tunnistus (myynti)Oletko saanut haltuusi rahoja, mitaleita, arvopapereita tms. etk\u00e4 tied\u00e4 tarkemmin mit\u00e4 ne ovat tai kuinka arvokkaita ne ovat ? Meilt\u00e4 voit kysy\u00e4 tietoa kaikenlaisista numismaattisista kohteista.\u00a0Tarjoamme asiantuntevaa arviointipalvelua ja aivan ilmaiseksi (pienet kokoelmat, arviointity\u00f6 yleens\u00e4 enint\u00e4\u00e4n 1-2 tuntia sek\u00e4 yhdistyksen huutokauppaan tulevat kohteet). Perunkirjoituksiin, kuolinpesille, viranomaisille, vakuutuksia ja vastaavia muita tarpeita [&hellip;]<\/p>\n","protected":false},"author":1,"featured_media":0,"parent":0,"menu_order":0,"comment_status":"closed","ping_status":"closed","template":"","meta":{"footnotes":""},"class_list":["post-35","page","type-page","status-publish","hentry"],"_links":{"self":[{"href":"https:\/\/tnsry.fi\/index.php?rest_route=\/wp\/v2\/pages\/35","targetHints":{"allow":["GET"]}}],"collection":[{"href":"https:\/\/tnsry.fi\/index.php?rest_route=\/wp\/v2\/pages"}],"about":[{"href":"https:\/\/tnsry.fi\/index.php?rest_route=\/wp\/v2\/types\/page"}],"author":[{"embeddable":true,"href":"https:\/\/tnsry.fi\/index.php?rest_route=\/wp\/v2\/users\/1"}],"replies":[{"embeddable":true,"href":"https:\/\/tnsry.fi\/index.php?rest_route=%2Fwp%2Fv2%2Fcomments&post=35"}],"version-history":[{"count":13,"href":"https:\/\/tnsry.fi\/index.php?rest_route=\/wp\/v2\/pages\/35\/revisions"}],"predecessor-version":[{"id":621,"href":"https:\/\/tnsry.fi\/index.php?rest_route=\/wp\/v2\/pages\/35\/revisions\/621"}],"wp:attachment":[{"href":"https:\/\/tnsry.fi\/index.php?rest_route=%2Fwp%2Fv2%2Fmedia&parent=35"}],"curies":[{"name":"wp","href":"https:\/\/api.w.org\/{rel}","templated":true}]}}