{"id":34,"date":"2023-04-24T17:47:16","date_gmt":"2023-04-24T14:47:16","guid":{"rendered":"https:\/\/test.tnsry.fi\/?page_id=34"},"modified":"2026-01-08T10:59:02","modified_gmt":"2026-01-08T08:59:02","slug":"linkkeja","status":"publish","type":"page","link":"https:\/\/tnsry.fi\/?page_id=34","title":{"rendered":"Yhteystiedot"},"content":{"rendered":"\n<p>&nbsp;<\/p>\n\n\n\n<h5 class=\"wp-block-heading\">Yhdistyksen yhteystiedot<\/h5>\n\n\n\n<p>Postia voi l\u00e4hett\u00e4\u00e4 yhdistykselle postitse (Turun Numismaattinen Seura ry, c\/o Olli Saarinen, Malminkuja 3, 21280 Raisio) tai s\u00e4hk\u00f6postilla osoitteeseen turun.numismaattinen@gmail.com.<\/p>\n\n\n\n<h5 class=\"wp-block-heading\">Hallitus 2026<\/h5>\n\n\n\n<div class=\"wp-block-group is-vertical is-layout-flex wp-container-core-group-is-layout-8cf370e7 wp-block-group-is-layout-flex\">\n<p>Puheenjohtaja:<\/p>\n\n\n\n<p>Mikko Tammelin, tammelinmikko@gmail.com, 050-3030945<\/p>\n<\/div>\n\n\n\n<div class=\"wp-block-group is-vertical is-layout-flex wp-container-core-group-is-layout-8cf370e7 wp-block-group-is-layout-flex\">\n<p>J\u00e4senet:<\/p>\n\n\n\n<p>Juha Toivonen, juhtoi1@gmail.com, 040-4140820<\/p>\n\n\n\n<p>Hannu Tuominen, hannu.tuominen@pp.inet.fi, 040-5457719<\/p>\n\n\n\n<p>Tomi Pullinen, pullinen.tomi@gmail.com, 050-5122421&nbsp;<\/p>\n\n\n\n<p>Hannu Alanoja, hannutuulikki@hotmail.com, 040-5364273&nbsp;&nbsp;<\/p>\n\n\n\n<p>Mika Helttula, mikahelttula737@gmail.com<\/p>\n\n\n\n<p>Jarmo Koskinen, jarmo2koskinen@hotmail.com<\/p>\n<\/div>\n\n\n\n<h5 class=\"wp-block-heading\">Taloudenhoitaja<\/h5>\n\n\n\n<p>Yhdistyksen taloudenhoitajana toimii Olli Saarinen, olli.saarinen@hotmail.fi, 040-8288580<\/p>\n\n\n\n<h5 class=\"wp-block-heading has-text-align-left\">Kirjanpito ja maksuliikenne<\/h5>\n\n\n\n<p>Yhdistyksen kirjanpidon ja maksuliikenteen hoitaa Tilitoimisto Henu Oy (osoite: Kivenhakkaajankatu 4, 24100 Salo, toimisto@tilitoimistohenu.fi)<\/p>\n\n\n\n<h5 class=\"wp-block-heading\">Arviointi<\/h5>\n\n\n\n<p>Ismo Ranki, ismo.ranki@wippies.fi puh. 040-5502729<\/p>\n\n\n\n<h5 class=\"wp-block-heading\">Huutokaupanhoitaja<\/h5>\n\n\n\n<p>Jarmo Koskinen, jarmo2koskinen@hotmail.com<\/p>\n\n\n\n<h5 class=\"wp-block-heading\">Meklarointi<\/h5>\n\n\n\n<p>Reijo Hinkka<\/p>\n\n\n\n<p><\/p>\n","protected":false},"excerpt":{"rendered":"<p>&nbsp; Yhdistyksen yhteystiedot Postia voi l\u00e4hett\u00e4\u00e4 yhdistykselle postitse (Turun Numismaattinen Seura ry, c\/o Olli Saarinen, Malminkuja 3, 21280 Raisio) tai s\u00e4hk\u00f6postilla osoitteeseen turun.numismaattinen@gmail.com. Hallitus 2026 Puheenjohtaja: Mikko Tammelin, tammelinmikko@gmail.com, 050-3030945 J\u00e4senet: Juha Toivonen, juhtoi1@gmail.com, 040-4140820 Hannu Tuominen, hannu.tuominen@pp.inet.fi, 040-5457719 Tomi Pullinen, pullinen.tomi@gmail.com, 050-5122421&nbsp; Hannu Alanoja, hannutuulikki@hotmail.com, 040-5364273&nbsp;&nbsp; Mika Helttula, mikahelttula737@gmail.com Jarmo Koskinen, jarmo2koskinen@hotmail.com Taloudenhoitaja Yhdistyksen [&hellip;]<\/p>\n","protected":false},"author":1,"featured_media":0,"parent":0,"menu_order":0,"comment_status":"closed","ping_status":"closed","template":"","meta":{"footnotes":""},"class_list":["post-34","page","type-page","status-publish","hentry"],"_links":{"self":[{"href":"https:\/\/tnsry.fi\/index.php?rest_route=\/wp\/v2\/pages\/34","targetHints":{"allow":["GET"]}}],"collection":[{"href":"https:\/\/tnsry.fi\/index.php?rest_route=\/wp\/v2\/pages"}],"about":[{"href":"https:\/\/tnsry.fi\/index.php?rest_route=\/wp\/v2\/types\/page"}],"author":[{"embeddable":true,"href":"https:\/\/tnsry.fi\/index.php?rest_route=\/wp\/v2\/users\/1"}],"replies":[{"embeddable":true,"href":"https:\/\/tnsry.fi\/index.php?rest_route=%2Fwp%2Fv2%2Fcomments&post=34"}],"version-history":[{"count":19,"href":"https:\/\/tnsry.fi\/index.php?rest_route=\/wp\/v2\/pages\/34\/revisions"}],"predecessor-version":[{"id":631,"href":"https:\/\/tnsry.fi\/index.php?rest_route=\/wp\/v2\/pages\/34\/revisions\/631"}],"wp:attachment":[{"href":"https:\/\/tnsry.fi\/index.php?rest_route=%2Fwp%2Fv2%2Fmedia&parent=34"}],"curies":[{"name":"wp","href":"https:\/\/api.w.org\/{rel}","templated":true}]}}